{"id":117,"date":"2022-11-15T14:57:22","date_gmt":"2022-11-15T14:57:22","guid":{"rendered":"https:\/\/adventskalender.kinoaarau.ch\/?page_id=117"},"modified":"2024-11-24T14:50:46","modified_gmt":"2024-11-24T14:50:46","slug":"datenschutzbedingungen","status":"publish","type":"page","link":"https:\/\/adventskalender.kinoaarau.ch\/?page_id=117","title":{"rendered":"Datenschutzbedingungen"},"content":{"rendered":"\n<p>Die im Zusammenhang mit dem Wettbewerb gewonnenen personenbezogenen Daten werden nicht an Dritte weitergegeben noch diesen zur Nutzung \u00fcberlassen. Der Teilnehmer willigt mit seiner Teilnahme hiermit ausdr\u00fccklich ein, dass seine Formular-Daten gespeichert und f\u00fcr statistische und werbliche Zwecke durch die Kino Aarau AG genutzt werden k\u00f6nnen. Die Kino Aarau AG verpflichtet sich, die im Zusammenhang mit der Durchf\u00fchrung des Gewinnspiels gewonnenen Daten sorgf\u00e4ltig zu behandeln und in \u00dcbereinstimmung mit den gesetzlichen Datenschutzbestimmungen zu verwalten. Im \u00dcbrigen schliesst die Kino Aarau AG jede Haftung im Zusammenhang mit der Durchf\u00fchrung des Gewinnspiels und der Datenverwaltung im gesetzlich zul\u00e4ssigen Umfang aus.<\/p>\n\n\n\n<p>Gerichtsstand und Anwendbares Recht<\/p>\n\n\n\n<p>Gerichtsstand ist Aarau. S\u00e4mtliche Streitigkeiten im Zusammenhang mit diesem Wettbewerb unterstehen ausschliesslich schweizerischem Recht.<\/p>\n\n\n\n<p>Dar\u00fcberhinaus gelten die Datenschutzbedingungen der Kino Aarau AG unter <a href=\"https:\/\/kinoaarau.ch\/datenschutz\" target=\"_blank\" rel=\"noreferrer noopener\">www.kinoaarau.ch\/datenschutz<\/a><\/p>\n","protected":false},"excerpt":{"rendered":"<p>Die im Zusammenhang mit dem Wettbewerb gewonnenen personenbezogenen Daten werden nicht an Dritte weitergegeben noch diesen zur Nutzung \u00fcberlassen. Der Teilnehmer willigt mit seiner Teilnahme hiermit ausdr\u00fccklich ein, dass seine Formular-Daten gespeichert und f\u00fcr statistische und werbliche Zwecke durch die Kino Aarau AG genutzt werden k\u00f6nnen. Die Kino Aarau AG verpflichtet sich, die im Zusammenhang [&hellip;]<\/p>\n","protected":false},"author":2,"featured_media":0,"parent":0,"menu_order":0,"comment_status":"closed","ping_status":"closed","template":"","meta":{"footnotes":""},"class_list":["post-117","page","type-page","status-publish","hentry"],"_links":{"self":[{"href":"https:\/\/adventskalender.kinoaarau.ch\/index.php?rest_route=\/wp\/v2\/pages\/117","targetHints":{"allow":["GET"]}}],"collection":[{"href":"https:\/\/adventskalender.kinoaarau.ch\/index.php?rest_route=\/wp\/v2\/pages"}],"about":[{"href":"https:\/\/adventskalender.kinoaarau.ch\/index.php?rest_route=\/wp\/v2\/types\/page"}],"author":[{"embeddable":true,"href":"https:\/\/adventskalender.kinoaarau.ch\/index.php?rest_route=\/wp\/v2\/users\/2"}],"replies":[{"embeddable":true,"href":"https:\/\/adventskalender.kinoaarau.ch\/index.php?rest_route=%2Fwp%2Fv2%2Fcomments&post=117"}],"version-history":[{"count":4,"href":"https:\/\/adventskalender.kinoaarau.ch\/index.php?rest_route=\/wp\/v2\/pages\/117\/revisions"}],"predecessor-version":[{"id":21425,"href":"https:\/\/adventskalender.kinoaarau.ch\/index.php?rest_route=\/wp\/v2\/pages\/117\/revisions\/21425"}],"wp:attachment":[{"href":"https:\/\/adventskalender.kinoaarau.ch\/index.php?rest_route=%2Fwp%2Fv2%2Fmedia&parent=117"}],"curies":[{"name":"wp","href":"https:\/\/api.w.org\/{rel}","templated":true}]}}